{"id":35,"date":"2020-08-05T13:36:13","date_gmt":"2020-08-05T13:36:13","guid":{"rendered":"https:\/\/www.wetra-muelsen.de\/?page_id=35"},"modified":"2020-10-01T12:46:55","modified_gmt":"2020-10-01T12:46:55","slug":"dachentwaesserungsartikel","status":"publish","type":"page","link":"https:\/\/www.wetra-muelsen.de\/?page_id=35","title":{"rendered":"Dachentw\u00e4sserungsartikel"},"content":{"rendered":"<section id=\"builder-section-text_11\" class=\"builder-section-first builder-section builder-section-text builder-section-last builder-text-columns-2\" style=\"background-size: cover; background-repeat: no-repeat;background-position: center center;\">\n<div class=\"builder-section-content\">\n<div class=\"builder-text-row\">\n<div class=\"builder-text-column builder-text-column-1\" id=\"builder-section-text_11-column-1\">\n<div class=\"builder-text-content\">\n<div class=\"su-image-carousel  su-image-carousel-has-spacing su-image-carousel-crop su-image-carousel-crop-4-3 su-image-carousel-has-outline su-image-carousel-adaptive su-image-carousel-slides-style-default su-image-carousel-controls-style-dark su-image-carousel-align-none\" style=\"\" data-flickity-options='{\"groupCells\":true,\"cellSelector\":\".su-image-carousel-item\",\"adaptiveHeight\":false,\"cellAlign\":\"left\",\"prevNextButtons\":true,\"pageDots\":false,\"autoPlay\":5000,\"imagesLoaded\":true,\"contain\":true,\"selectedAttraction\":0.025,\"friction\":0.28}' id=\"su_image_carousel_69faca6ed539e\"><div class=\"su-image-carousel-item\"><div class=\"su-image-carousel-item-content\"><img loading=\"lazy\" decoding=\"async\" width=\"960\" height=\"600\" src=\"https:\/\/www.wetra-muelsen.de\/wp-content\/uploads\/2020\/09\/wetra_DachentwaesserungsartikelZink-1024x640.jpg\" class=\"\" alt=\"\" srcset=\"https:\/\/www.wetra-muelsen.de\/wp-content\/uploads\/2020\/09\/wetra_DachentwaesserungsartikelZink-1024x640.jpg 1024w, https:\/\/www.wetra-muelsen.de\/wp-content\/uploads\/2020\/09\/wetra_DachentwaesserungsartikelZink-300x188.jpg 300w, https:\/\/www.wetra-muelsen.de\/wp-content\/uploads\/2020\/09\/wetra_DachentwaesserungsartikelZink-768x480.jpg 768w, https:\/\/www.wetra-muelsen.de\/wp-content\/uploads\/2020\/09\/wetra_DachentwaesserungsartikelZink-1536x960.jpg 1536w, https:\/\/www.wetra-muelsen.de\/wp-content\/uploads\/2020\/09\/wetra_DachentwaesserungsartikelZink-2048x1281.jpg 2048w\" sizes=\"auto, (max-width: 960px) 100vw, 960px\" \/><\/div><\/div><div class=\"su-image-carousel-item\"><div class=\"su-image-carousel-item-content\"><img loading=\"lazy\" decoding=\"async\" width=\"960\" height=\"759\" src=\"https:\/\/www.wetra-muelsen.de\/wp-content\/uploads\/2020\/09\/wetra_DachentwaesserungsartikelKupfer-1024x810.jpg\" class=\"\" alt=\"\" srcset=\"https:\/\/www.wetra-muelsen.de\/wp-content\/uploads\/2020\/09\/wetra_DachentwaesserungsartikelKupfer-1024x810.jpg 1024w, https:\/\/www.wetra-muelsen.de\/wp-content\/uploads\/2020\/09\/wetra_DachentwaesserungsartikelKupfer-300x237.jpg 300w, https:\/\/www.wetra-muelsen.de\/wp-content\/uploads\/2020\/09\/wetra_DachentwaesserungsartikelKupfer-768x607.jpg 768w, https:\/\/www.wetra-muelsen.de\/wp-content\/uploads\/2020\/09\/wetra_DachentwaesserungsartikelKupfer-1536x1215.jpg 1536w, https:\/\/www.wetra-muelsen.de\/wp-content\/uploads\/2020\/09\/wetra_DachentwaesserungsartikelKupfer-2048x1620.jpg 2048w\" sizes=\"auto, (max-width: 960px) 100vw, 960px\" \/><\/div><\/div><\/div><script id=\"su_image_carousel_69faca6ed539e_script\">if(window.SUImageCarousel){setTimeout(function() {window.SUImageCarousel.initGallery(document.getElementById(\"su_image_carousel_69faca6ed539e\"))}, 0);}var su_image_carousel_69faca6ed539e_script=document.getElementById(\"su_image_carousel_69faca6ed539e_script\");if(su_image_carousel_69faca6ed539e_script){su_image_carousel_69faca6ed539e_script.parentNode.removeChild(su_image_carousel_69faca6ed539e_script);}<\/script>\n<\/p><\/div>\n<\/p><\/div>\n<div class=\"builder-text-column builder-text-column-2\" id=\"builder-section-text_11-column-2\">\n<div class=\"builder-text-content\">\n<div class=\"main\">\n<div class=\"text\">\n<ul>\n<li>Dachrinne in halbrund und kastenform von 10-tlg. bis 4-tlg<\/li>\n<li>Zubeh\u00f6rteile: Rinnenhalter, Rinnenendb\u00f6den, Rinnenwinkel, Rinnendila, Eingangsstutzen uvm. von 10-tlg. bis 4-tlg<\/li>\n<li>Fallrohr in rund- und kastenform im Durchmesser 60 mm bis 150 mm<\/li>\n<li>Zubeh\u00f6rteile: Rohrschellen, Rohrb\u00f6gen, Regenrohrklappen, Rohrabzweige, Sockelknie, Wassersammler uvm. im Durchmesser 60 mm bis 150 mm<\/li>\n<li>Standrohre und Zubeh\u00f6rteile aus Kupfer und verzinktem Material auf Wunsch auch farbbeschichtet<\/li>\n<li>Lagerware in Titanzink, Kupfer und Aluminium<\/li>\n<li>Bestellware in Titanzink vorbewittert, Aluminium farbbeschichtet, Blech verzinkt, Edelstahl und Kunststoff<\/li>\n<\/ul>\n<p>Bei Fragen rufen Sie uns an unter: <span class=\"ttfmake-icon mceNonEditable fas\">\uf095<\/span> +49 (0) 37601 58948<\/p>\n<\/div>\n<\/div><\/div>\n<\/p><\/div>\n<\/p><\/div>\n<div class=\"builder-text-row\">\n<div class=\"builder-text-column builder-text-column-3\" id=\"builder-section-text_11-column-1\">\n<div class=\"builder-text-content\">\n\t\t\t\t\t\t\t\t\t\t\t<\/div>\n<\/p><\/div>\n<\/p><\/div>\n<\/p><\/div>\n<\/section>\n","protected":false},"excerpt":{"rendered":"<p>Dachrinne in halbrund und kastenform von 10-tlg. bis 4-tlg Zubeh\u00f6rteile: Rinnenhalter, Rinnenendb\u00f6den, Rinnenwinkel, Rinnendila, Eingangsstutzen uvm. von 10-tlg. bis 4-tlg Fallrohr in rund- und kastenform im Durchmesser 60 mm bis 150 mm Zubeh\u00f6rteile: Rohrschellen, Rohrb\u00f6gen, Regenrohrklappen, Rohrabzweige, Sockelknie, Wassersammler uvm. im Durchmesser 60 mm bis 150 mm Standrohre und Zubeh\u00f6rteile aus Kupfer und verzinktem Material &hellip;<\/p>\n","protected":false},"author":1,"featured_media":0,"parent":0,"menu_order":0,"comment_status":"closed","ping_status":"closed","template":"template-builder.php","meta":{"footnotes":""},"class_list":["post-35","page","type-page","status-publish","hentry"],"_links":{"self":[{"href":"https:\/\/www.wetra-muelsen.de\/index.php?rest_route=\/wp\/v2\/pages\/35","targetHints":{"allow":["GET"]}}],"collection":[{"href":"https:\/\/www.wetra-muelsen.de\/index.php?rest_route=\/wp\/v2\/pages"}],"about":[{"href":"https:\/\/www.wetra-muelsen.de\/index.php?rest_route=\/wp\/v2\/types\/page"}],"author":[{"embeddable":true,"href":"https:\/\/www.wetra-muelsen.de\/index.php?rest_route=\/wp\/v2\/users\/1"}],"replies":[{"embeddable":true,"href":"https:\/\/www.wetra-muelsen.de\/index.php?rest_route=%2Fwp%2Fv2%2Fcomments&post=35"}],"version-history":[{"count":17,"href":"https:\/\/www.wetra-muelsen.de\/index.php?rest_route=\/wp\/v2\/pages\/35\/revisions"}],"predecessor-version":[{"id":434,"href":"https:\/\/www.wetra-muelsen.de\/index.php?rest_route=\/wp\/v2\/pages\/35\/revisions\/434"}],"wp:attachment":[{"href":"https:\/\/www.wetra-muelsen.de\/index.php?rest_route=%2Fwp%2Fv2%2Fmedia&parent=35"}],"curies":[{"name":"wp","href":"https:\/\/api.w.org\/{rel}","templated":true}]}}