{"id":37,"date":"2020-08-05T13:36:22","date_gmt":"2020-08-05T13:36:22","guid":{"rendered":"https:\/\/www.wetra-muelsen.de\/?page_id=37"},"modified":"2025-06-06T09:27:22","modified_gmt":"2025-06-06T09:27:22","slug":"flachdachartikel","status":"publish","type":"page","link":"https:\/\/www.wetra-muelsen.de\/?page_id=37","title":{"rendered":"Flachdachartikel"},"content":{"rendered":"<section id=\"builder-section-text_11\" class=\"builder-section-first builder-section builder-section-text builder-section-last builder-text-columns-2\" style=\"background-size: cover; background-repeat: no-repeat;background-position: center center;\">\n<div class=\"builder-section-content\">\n<div class=\"builder-text-row\">\n<div class=\"builder-text-column builder-text-column-1\" id=\"builder-section-text_11-column-1\">\n<div class=\"builder-text-content\">\n<div class=\"su-image-carousel  su-image-carousel-has-spacing su-image-carousel-crop su-image-carousel-crop-4-3 su-image-carousel-has-outline su-image-carousel-adaptive su-image-carousel-slides-style-default su-image-carousel-controls-style-dark su-image-carousel-align-none\" style=\"\" data-flickity-options='{\"groupCells\":true,\"cellSelector\":\".su-image-carousel-item\",\"adaptiveHeight\":false,\"cellAlign\":\"left\",\"prevNextButtons\":true,\"pageDots\":false,\"autoPlay\":5000,\"imagesLoaded\":true,\"contain\":true,\"selectedAttraction\":0.025,\"friction\":0.28}' id=\"su_image_carousel_69ffbd3448a04\"><div class=\"su-image-carousel-item\"><div class=\"su-image-carousel-item-content\"><img loading=\"lazy\" decoding=\"async\" width=\"960\" height=\"479\" src=\"https:\/\/www.wetra-muelsen.de\/wp-content\/uploads\/2020\/09\/wetra_Bitumenschweissbahn-1024x511.jpg\" class=\"\" alt=\"\" srcset=\"https:\/\/www.wetra-muelsen.de\/wp-content\/uploads\/2020\/09\/wetra_Bitumenschweissbahn-1024x511.jpg 1024w, https:\/\/www.wetra-muelsen.de\/wp-content\/uploads\/2020\/09\/wetra_Bitumenschweissbahn-300x150.jpg 300w, https:\/\/www.wetra-muelsen.de\/wp-content\/uploads\/2020\/09\/wetra_Bitumenschweissbahn-768x383.jpg 768w, https:\/\/www.wetra-muelsen.de\/wp-content\/uploads\/2020\/09\/wetra_Bitumenschweissbahn-1536x767.jpg 1536w, https:\/\/www.wetra-muelsen.de\/wp-content\/uploads\/2020\/09\/wetra_Bitumenschweissbahn-2048x1023.jpg 2048w\" sizes=\"auto, (max-width: 960px) 100vw, 960px\" \/><\/div><\/div><div class=\"su-image-carousel-item\"><div class=\"su-image-carousel-item-content\"><img loading=\"lazy\" decoding=\"async\" width=\"960\" height=\"590\" src=\"https:\/\/www.wetra-muelsen.de\/wp-content\/uploads\/2020\/09\/wetra_Bitumenschweissbahn-02-1024x629.jpg\" class=\"\" alt=\"\" srcset=\"https:\/\/www.wetra-muelsen.de\/wp-content\/uploads\/2020\/09\/wetra_Bitumenschweissbahn-02-1024x629.jpg 1024w, https:\/\/www.wetra-muelsen.de\/wp-content\/uploads\/2020\/09\/wetra_Bitumenschweissbahn-02-300x184.jpg 300w, https:\/\/www.wetra-muelsen.de\/wp-content\/uploads\/2020\/09\/wetra_Bitumenschweissbahn-02-768x472.jpg 768w, https:\/\/www.wetra-muelsen.de\/wp-content\/uploads\/2020\/09\/wetra_Bitumenschweissbahn-02.jpg 1338w\" sizes=\"auto, (max-width: 960px) 100vw, 960px\" \/><\/div><\/div><\/div><script id=\"su_image_carousel_69ffbd3448a04_script\">if(window.SUImageCarousel){setTimeout(function() {window.SUImageCarousel.initGallery(document.getElementById(\"su_image_carousel_69ffbd3448a04\"))}, 0);}var su_image_carousel_69ffbd3448a04_script=document.getElementById(\"su_image_carousel_69ffbd3448a04_script\");if(su_image_carousel_69ffbd3448a04_script){su_image_carousel_69ffbd3448a04_script.parentNode.removeChild(su_image_carousel_69ffbd3448a04_script);}<\/script>\n<\/p><\/div>\n<\/p><\/div>\n<div class=\"builder-text-column builder-text-column-2\" id=\"builder-section-text_11-column-2\">\n<div class=\"builder-text-content\">\n<ul>\n<li>Bitumenschwei\u00dfbahnen<\/li>\n<li>Abdichtungsbahnen<\/li>\n<li>Flachdacheinl\u00e4ufe<\/li>\n<li>Flachdachentl\u00fcfter<\/li>\n<\/ul>\n<p>\u00a0<\/p>\n<p>Bei Fragen rufen Sie uns an unter: <span class=\"ttfmake-icon mceNonEditable fas\">\uf095<\/span> +49 (0) 37601 58948<\/p>\n<\/p><\/div>\n<\/p><\/div>\n<\/p><\/div>\n<div class=\"builder-text-row\">\n<div class=\"builder-text-column builder-text-column-3\" id=\"builder-section-text_11-column-1\">\n<div class=\"builder-text-content\">\n\t\t\t\t\t\t\t\t\t\t\t<\/div>\n<\/p><\/div>\n<\/p><\/div>\n<\/p><\/div>\n<\/section>\n","protected":false},"excerpt":{"rendered":"<p>\u00a0 Bitumenschwei\u00dfbahnen Abdichtungsbahnen Flachdacheinl\u00e4ufe Flachdachentl\u00fcfter \u00a0 Bei Fragen rufen Sie uns an unter: \uf095 +49 (0) 37601 58948<\/p>\n","protected":false},"author":1,"featured_media":0,"parent":0,"menu_order":0,"comment_status":"closed","ping_status":"closed","template":"template-builder.php","meta":{"footnotes":""},"class_list":["post-37","page","type-page","status-publish","hentry"],"_links":{"self":[{"href":"https:\/\/www.wetra-muelsen.de\/index.php?rest_route=\/wp\/v2\/pages\/37","targetHints":{"allow":["GET"]}}],"collection":[{"href":"https:\/\/www.wetra-muelsen.de\/index.php?rest_route=\/wp\/v2\/pages"}],"about":[{"href":"https:\/\/www.wetra-muelsen.de\/index.php?rest_route=\/wp\/v2\/types\/page"}],"author":[{"embeddable":true,"href":"https:\/\/www.wetra-muelsen.de\/index.php?rest_route=\/wp\/v2\/users\/1"}],"replies":[{"embeddable":true,"href":"https:\/\/www.wetra-muelsen.de\/index.php?rest_route=%2Fwp%2Fv2%2Fcomments&post=37"}],"version-history":[{"count":11,"href":"https:\/\/www.wetra-muelsen.de\/index.php?rest_route=\/wp\/v2\/pages\/37\/revisions"}],"predecessor-version":[{"id":751,"href":"https:\/\/www.wetra-muelsen.de\/index.php?rest_route=\/wp\/v2\/pages\/37\/revisions\/751"}],"wp:attachment":[{"href":"https:\/\/www.wetra-muelsen.de\/index.php?rest_route=%2Fwp%2Fv2%2Fmedia&parent=37"}],"curies":[{"name":"wp","href":"https:\/\/api.w.org\/{rel}","templated":true}]}}