{"id":43,"date":"2020-08-05T13:37:02","date_gmt":"2020-08-05T13:37:02","guid":{"rendered":"https:\/\/www.wetra-muelsen.de\/?page_id=43"},"modified":"2020-10-08T12:28:48","modified_gmt":"2020-10-08T12:28:48","slug":"dacheinbauartikel","status":"publish","type":"page","link":"https:\/\/www.wetra-muelsen.de\/?page_id=43","title":{"rendered":"Dacheinbauartikel"},"content":{"rendered":"<section id=\"builder-section-text_13\" class=\"builder-section-first builder-section builder-section-text builder-section-last builder-text-columns-2\" style=\"background-size: cover; background-repeat: no-repeat;background-position: center center;\">\n<div class=\"builder-section-content\">\n<div class=\"builder-text-row\">\n<div class=\"builder-text-column builder-text-column-1\" id=\"builder-section-text_13-column-1\">\n<div class=\"builder-text-content\">\n<div class=\"su-image-carousel  su-image-carousel-has-spacing su-image-carousel-crop su-image-carousel-crop-4-3 su-image-carousel-has-outline su-image-carousel-adaptive su-image-carousel-slides-style-default su-image-carousel-controls-style-dark su-image-carousel-align-none\" style=\"\" data-flickity-options='{\"groupCells\":true,\"cellSelector\":\".su-image-carousel-item\",\"adaptiveHeight\":false,\"cellAlign\":\"left\",\"prevNextButtons\":true,\"pageDots\":false,\"autoPlay\":5000,\"imagesLoaded\":true,\"contain\":true,\"selectedAttraction\":0.025,\"friction\":0.28}' id=\"su_image_carousel_6a078d358a38b\"><div class=\"su-image-carousel-item\"><div class=\"su-image-carousel-item-content\"><img loading=\"lazy\" decoding=\"async\" width=\"960\" height=\"674\" src=\"https:\/\/www.wetra-muelsen.de\/wp-content\/uploads\/2020\/09\/wetra_Dacheinbauartikel-1024x719.jpg\" class=\"\" alt=\"\" srcset=\"https:\/\/www.wetra-muelsen.de\/wp-content\/uploads\/2020\/09\/wetra_Dacheinbauartikel-1024x719.jpg 1024w, https:\/\/www.wetra-muelsen.de\/wp-content\/uploads\/2020\/09\/wetra_Dacheinbauartikel-300x211.jpg 300w, https:\/\/www.wetra-muelsen.de\/wp-content\/uploads\/2020\/09\/wetra_Dacheinbauartikel-768x540.jpg 768w, https:\/\/www.wetra-muelsen.de\/wp-content\/uploads\/2020\/09\/wetra_Dacheinbauartikel-1536x1079.jpg 1536w, https:\/\/www.wetra-muelsen.de\/wp-content\/uploads\/2020\/09\/wetra_Dacheinbauartikel-2048x1439.jpg 2048w\" sizes=\"auto, (max-width: 960px) 100vw, 960px\" \/><\/div><\/div><\/div><script id=\"su_image_carousel_6a078d358a38b_script\">if(window.SUImageCarousel){setTimeout(function() {window.SUImageCarousel.initGallery(document.getElementById(\"su_image_carousel_6a078d358a38b\"))}, 0);}var su_image_carousel_6a078d358a38b_script=document.getElementById(\"su_image_carousel_6a078d358a38b_script\");if(su_image_carousel_6a078d358a38b_script){su_image_carousel_6a078d358a38b_script.parentNode.removeChild(su_image_carousel_6a078d358a38b_script);}<\/script>\n<\/p><\/div>\n<\/p><\/div>\n<div class=\"builder-text-column builder-text-column-2\" id=\"builder-section-text_13-column-2\">\n<div class=\"builder-text-content\">\n<ul>\n<li>Schneefangrohr und Schneefanglaschen<\/li>\n<li>Schneefanggitter und Schneefangst\u00fctzen<\/li>\n<li>Laufroste und Laufrostst\u00fctzen<\/li>\n<li>Sicherheitsdachhaken<\/li>\n<li>Dachausstiegsfenster<\/li>\n<li>Firstentl\u00fcftung<\/li>\n<li>in Kupfer und verzinkt (auf Wunsch auch farbbeschichtet)<\/li>\n<\/ul>\n<p>Bei Fragen rufen Sie uns an unter: <span class=\"ttfmake-icon mceNonEditable fas\">\uf095<\/span> +49 (0) 37601 58948<\/p>\n<\/p><\/div>\n<\/p><\/div>\n<\/p><\/div>\n<div class=\"builder-text-row\">\n<div class=\"builder-text-column builder-text-column-3\" id=\"builder-section-text_13-column-1\">\n<div class=\"builder-text-content\">\n\t\t\t\t\t\t\t\t\t\t\t<\/div>\n<\/p><\/div>\n<\/p><\/div>\n<\/p><\/div>\n<\/section>\n","protected":false},"excerpt":{"rendered":"<p>Schneefangrohr und Schneefanglaschen Schneefanggitter und Schneefangst\u00fctzen Laufroste und Laufrostst\u00fctzen Sicherheitsdachhaken Dachausstiegsfenster Firstentl\u00fcftung in Kupfer und verzinkt (auf Wunsch auch farbbeschichtet) Bei Fragen rufen Sie uns an unter: \uf095 +49 (0) 37601 58948<\/p>\n","protected":false},"author":1,"featured_media":0,"parent":0,"menu_order":0,"comment_status":"closed","ping_status":"closed","template":"template-builder.php","meta":{"footnotes":""},"class_list":["post-43","page","type-page","status-publish","hentry"],"_links":{"self":[{"href":"https:\/\/www.wetra-muelsen.de\/index.php?rest_route=\/wp\/v2\/pages\/43","targetHints":{"allow":["GET"]}}],"collection":[{"href":"https:\/\/www.wetra-muelsen.de\/index.php?rest_route=\/wp\/v2\/pages"}],"about":[{"href":"https:\/\/www.wetra-muelsen.de\/index.php?rest_route=\/wp\/v2\/types\/page"}],"author":[{"embeddable":true,"href":"https:\/\/www.wetra-muelsen.de\/index.php?rest_route=\/wp\/v2\/users\/1"}],"replies":[{"embeddable":true,"href":"https:\/\/www.wetra-muelsen.de\/index.php?rest_route=%2Fwp%2Fv2%2Fcomments&post=43"}],"version-history":[{"count":9,"href":"https:\/\/www.wetra-muelsen.de\/index.php?rest_route=\/wp\/v2\/pages\/43\/revisions"}],"predecessor-version":[{"id":565,"href":"https:\/\/www.wetra-muelsen.de\/index.php?rest_route=\/wp\/v2\/pages\/43\/revisions\/565"}],"wp:attachment":[{"href":"https:\/\/www.wetra-muelsen.de\/index.php?rest_route=%2Fwp%2Fv2%2Fmedia&parent=43"}],"curies":[{"name":"wp","href":"https:\/\/api.w.org\/{rel}","templated":true}]}}