{"id":53,"date":"2020-08-05T13:38:19","date_gmt":"2020-08-05T13:38:19","guid":{"rendered":"https:\/\/www.wetra-muelsen.de\/?page_id=53"},"modified":"2020-10-08T12:51:21","modified_gmt":"2020-10-08T12:51:21","slug":"impressum","status":"publish","type":"page","link":"https:\/\/www.wetra-muelsen.de\/?page_id=53","title":{"rendered":"Impressum"},"content":{"rendered":"<section id=\"builder-section-text_11\" class=\"builder-section-first builder-section builder-section-text builder-section-last builder-text-columns-2\" style=\"background-size: cover; background-repeat: no-repeat;background-position: center center;\">\n<div class=\"builder-section-content\">\n<div class=\"builder-text-row\">\n<div class=\"builder-text-column builder-text-column-1\" id=\"builder-section-text_11-column-1\">\n<div class=\"builder-text-content\">\n<p><strong>Wetra Dach &amp; Wandprodukte GmbH<\/strong><br \/>Schachtstra\u00dfe 10a, 08132 M\u00fclsen (Deutschland)<\/p>\n<p>Telefon: +49 (0) 37601 58948<br \/>Telefax: +49 (0) 37601 25834<br \/>E-Mail: wetra-muelsen@t-online.de<\/p>\n<p>Gesch\u00e4ftsf\u00fchrer: Herr Ronny Schmutzler<\/p>\n<p>Registergericht Chemnitz HRB 7826<br \/>UstID: DE152847735<\/p>\n<\/p><\/div>\n<\/p><\/div>\n<div class=\"builder-text-column builder-text-column-2\" id=\"builder-section-text_11-column-2\">\n<div class=\"builder-text-content\">\n<p><strong>Bildquellen:<\/strong><\/p>\n<p>Produktbilder: Wetra GmbH<br \/>Webseitenhintergrund: <span class=\"attribution_field hide-sm hide-md\">Pixabay &#8222;GLady&#8220;<br \/>Flachdachartikel: Pixabay &#8222;<\/span>sanremo-domains&#8220;<br \/>Steildachartikel: Pixabay &#8222;ID 901263&#8220;<\/p>\n<p><span class=\"attribution_field hide-sm hide-md\">\u00a0<\/span><\/p>\n<\/p><\/div>\n<\/p><\/div>\n<\/p><\/div>\n<div class=\"builder-text-row\">\n<div class=\"builder-text-column builder-text-column-3\" id=\"builder-section-text_11-column-1\">\n<div class=\"builder-text-content\">\n\t\t\t\t\t\t\t\t\t\t\t<\/div>\n<\/p><\/div>\n<\/p><\/div>\n<\/p><\/div>\n<\/section>\n","protected":false},"excerpt":{"rendered":"<p>Wetra Dach &amp; Wandprodukte GmbHSchachtstra\u00dfe 10a, 08132 M\u00fclsen (Deutschland) Telefon: +49 (0) 37601 58948Telefax: +49 (0) 37601 25834E-Mail: wetra-muelsen@t-online.de Gesch\u00e4ftsf\u00fchrer: Herr Ronny Schmutzler Registergericht Chemnitz HRB 7826UstID: DE152847735 Bildquellen: Produktbilder: Wetra GmbHWebseitenhintergrund: Pixabay &#8222;GLady&#8220;Flachdachartikel: Pixabay &#8222;sanremo-domains&#8220;Steildachartikel: Pixabay &#8222;ID 901263&#8220; \u00a0<\/p>\n","protected":false},"author":1,"featured_media":0,"parent":0,"menu_order":0,"comment_status":"closed","ping_status":"closed","template":"template-builder.php","meta":{"footnotes":""},"class_list":["post-53","page","type-page","status-publish","hentry"],"_links":{"self":[{"href":"https:\/\/www.wetra-muelsen.de\/index.php?rest_route=\/wp\/v2\/pages\/53","targetHints":{"allow":["GET"]}}],"collection":[{"href":"https:\/\/www.wetra-muelsen.de\/index.php?rest_route=\/wp\/v2\/pages"}],"about":[{"href":"https:\/\/www.wetra-muelsen.de\/index.php?rest_route=\/wp\/v2\/types\/page"}],"author":[{"embeddable":true,"href":"https:\/\/www.wetra-muelsen.de\/index.php?rest_route=\/wp\/v2\/users\/1"}],"replies":[{"embeddable":true,"href":"https:\/\/www.wetra-muelsen.de\/index.php?rest_route=%2Fwp%2Fv2%2Fcomments&post=53"}],"version-history":[{"count":11,"href":"https:\/\/www.wetra-muelsen.de\/index.php?rest_route=\/wp\/v2\/pages\/53\/revisions"}],"predecessor-version":[{"id":572,"href":"https:\/\/www.wetra-muelsen.de\/index.php?rest_route=\/wp\/v2\/pages\/53\/revisions\/572"}],"wp:attachment":[{"href":"https:\/\/www.wetra-muelsen.de\/index.php?rest_route=%2Fwp%2Fv2%2Fmedia&parent=53"}],"curies":[{"name":"wp","href":"https:\/\/api.w.org\/{rel}","templated":true}]}}