{"id":57,"date":"2020-08-05T13:40:08","date_gmt":"2020-08-05T13:40:08","guid":{"rendered":"https:\/\/www.wetra-muelsen.de\/?page_id=57"},"modified":"2020-09-30T12:34:58","modified_gmt":"2020-09-30T12:34:58","slug":"rechtliche-hinweise","status":"publish","type":"page","link":"https:\/\/www.wetra-muelsen.de\/?page_id=57","title":{"rendered":"Rechtliche Hinweise"},"content":{"rendered":"<section id=\"builder-section-text_11\" class=\"builder-section-first builder-section builder-section-text builder-section-last builder-text-columns-1\" style=\"background-size: cover; background-repeat: no-repeat;background-position: center center;\">\n<div class=\"builder-section-content\">\n<div class=\"builder-text-row\">\n<div class=\"builder-text-column builder-text-column-1\" id=\"builder-section-text_11-column-1\">\n<div class=\"builder-text-content\">\n<p style=\"text-align: justify;\">Die Nutzung dieses Angebotes unterliegt den folgenden Bestimmungen, mit denen Sie sich durch Zugriff auf diese Webseiten einverstanden erkl\u00e4ren:<\/p>\n<p style=\"text-align: justify;\"><strong>Urheberrechte:<\/strong><br \/>Diese Webseiten dienen der Information \u00fcber die Wetra Dach &amp; Wandprodukte GmbH und ihre Produkte. Die Texte, Bilder, Grafiken und das Layout sowie die gesamte graphische Gestaltung dieser Seiten sind urheberrechtlich gesch\u00fctzt. S\u00e4mtlicher Inhalt der Seiten darf nicht zu kommerziellen Zwecken kopiert, verbreitet oder ver\u00e4ndert werden. Der Download sowie der Ausdruck von Texten, Bildern und graphischen Elementen ist nur zum pers\u00f6nlichen, privaten und nicht kommerziellen Gebrauch gestattet. Eine Vervielf\u00e4ltigung von Grafiken, Bildern, Tondokumenten, Videosequenzen und Texten in anderen elektronischen oder gedruckten Publikationen ist nur nach schriftlicher Zustimmung der Wetra Dach &amp; Wandprodukte GmbH zul\u00e4ssig.<\/p>\n<p style=\"text-align: justify;\"><strong>Haftungsausschluss f\u00fcr Informationen:<\/strong><br \/>Die Inhalte dieser Webseiten dienen lediglich allgemeinen Informationszwecken. Auch wenn alle Angaben auf Ihre Richtigkeit und Vollst\u00e4ndigkeit gepr\u00fcft wurden, k\u00f6nnen diese trotzdem einmal Fehler oder Ungenauigkeiten enthalten. Die Wetra Dach &amp; Wandprodukte GmbH \u00fcbernimmt deshalb hinsichtlich der Richtigkeit, Vollst\u00e4ndigkeit und Aktualit\u00e4t ihrer Webseiten keine Haftung f\u00fcr Sch\u00e4den materieller oder ideeller Art, die durch die Nutzung fehlerhafter oder unvollst\u00e4ndiger Informationen innerhalb dieses Internetangebotes entstehen. Die Wetra Dach &amp; Wandprodukte GmbH beh\u00e4lt sich ausdr\u00fccklich vor, Teile der Seiten oder das gesamte Angebot ohne gesonderte Ank\u00fcndigung zu ver\u00e4ndern, zu erg\u00e4nzen, zu l\u00f6schen oder die Ver\u00f6ffentlichung zeitweise oder endg\u00fcltig einzustellen.<\/p>\n<p style=\"text-align: justify;\"><strong>Haftungsausschluss f\u00fcr Links:<\/strong><br \/>Die Wetra Dach &amp; Wandprodukte GmbH bem\u00fcht sich um eine Kontrolle der Inhalte derjenigen fremden Internetseiten, auf die im Rahmen ihres Internetangebotes direkt oder indirekt durch Links verwiesen wird. Eine Linksetzung erfolgt nur, wenn die angelinkte Seite zum Zeitpunkt der Linksetzung keine illegalen Inhalte enth\u00e4lt. Da die Ver\u00e4nderung dieser Inhalte au\u00dferhalb des Einflussbereiches der Wetra Dach &amp; Wandprodukte GmbH liegt, kann eine Haftung f\u00fcr nach der Linksetzung ver\u00e4nderte fremde Inhalte nicht \u00fcbernommen werden. Die Wetra Dach &amp; Wandprodukte GmbH erkl\u00e4rt deshalb ausdr\u00fccklich, dass Sie sich den Inhalt der verlinkten Seiten nicht zu eigen macht. F\u00fcr Sch\u00e4den, die aus der Nutzung dieser fremden Seiten entstehen, haftet alleine der Anbieter der Seite, auf welche verwiesen wurde.<\/p>\n<\/p><\/div>\n<\/p><\/div>\n<\/p><\/div>\n<div class=\"builder-text-row\">\n<div class=\"builder-text-column builder-text-column-2\" id=\"builder-section-text_11-column-1\">\n<div class=\"builder-text-content\">\n\t\t\t\t\t\t\t\t\t\t\t<\/div>\n<\/p><\/div>\n<\/p><\/div>\n<div class=\"builder-text-row\">\n<div class=\"builder-text-column builder-text-column-3\" id=\"builder-section-text_11-column-1\">\n<div class=\"builder-text-content\">\n\t\t\t\t\t\t\t\t\t\t\t<\/div>\n<\/p><\/div>\n<\/p><\/div>\n<\/p><\/div>\n<\/section>\n","protected":false},"excerpt":{"rendered":"<p>Die Nutzung dieses Angebotes unterliegt den folgenden Bestimmungen, mit denen Sie sich durch Zugriff auf diese Webseiten einverstanden erkl\u00e4ren: Urheberrechte:Diese Webseiten dienen der Information \u00fcber die Wetra Dach &amp; Wandprodukte GmbH und ihre Produkte. Die Texte, Bilder, Grafiken und das Layout sowie die gesamte graphische Gestaltung dieser Seiten sind urheberrechtlich gesch\u00fctzt. S\u00e4mtlicher Inhalt der Seiten &hellip;<\/p>\n","protected":false},"author":1,"featured_media":0,"parent":0,"menu_order":0,"comment_status":"closed","ping_status":"closed","template":"template-builder.php","meta":{"footnotes":""},"class_list":["post-57","page","type-page","status-publish","hentry"],"_links":{"self":[{"href":"https:\/\/www.wetra-muelsen.de\/index.php?rest_route=\/wp\/v2\/pages\/57","targetHints":{"allow":["GET"]}}],"collection":[{"href":"https:\/\/www.wetra-muelsen.de\/index.php?rest_route=\/wp\/v2\/pages"}],"about":[{"href":"https:\/\/www.wetra-muelsen.de\/index.php?rest_route=\/wp\/v2\/types\/page"}],"author":[{"embeddable":true,"href":"https:\/\/www.wetra-muelsen.de\/index.php?rest_route=\/wp\/v2\/users\/1"}],"replies":[{"embeddable":true,"href":"https:\/\/www.wetra-muelsen.de\/index.php?rest_route=%2Fwp%2Fv2%2Fcomments&post=57"}],"version-history":[{"count":2,"href":"https:\/\/www.wetra-muelsen.de\/index.php?rest_route=\/wp\/v2\/pages\/57\/revisions"}],"predecessor-version":[{"id":322,"href":"https:\/\/www.wetra-muelsen.de\/index.php?rest_route=\/wp\/v2\/pages\/57\/revisions\/322"}],"wp:attachment":[{"href":"https:\/\/www.wetra-muelsen.de\/index.php?rest_route=%2Fwp%2Fv2%2Fmedia&parent=57"}],"curies":[{"name":"wp","href":"https:\/\/api.w.org\/{rel}","templated":true}]}}